{"id":10,"date":"2024-02-01T23:59:15","date_gmt":"2024-02-01T22:59:15","guid":{"rendered":"https:\/\/gqyvjvu.cluster029.hosting.ovh.net\/wordpress\/?page_id=10"},"modified":"2024-02-01T23:59:15","modified_gmt":"2024-02-01T22:59:15","slug":"my-account","status":"publish","type":"page","link":"https:\/\/anggunboutique.com\/?page_id=10","title":{"rendered":"My account"},"content":{"rendered":"<div class=\"woocommerce\">\t\t\t<link rel=\"stylesheet\" id=\"wd-woo-mod-login-form-css\" href=\"https:\/\/anggunboutique.com\/wp-content\/themes\/woodmart\/css\/parts\/woo-mod-login-form.min.css?ver=7.4.3\" type=\"text\/css\" media=\"all\" \/> \t\t\t\t\t\t<link rel=\"stylesheet\" id=\"wd-woo-page-login-register-css\" href=\"https:\/\/anggunboutique.com\/wp-content\/themes\/woodmart\/css\/parts\/woo-page-login-register.min.css?ver=7.4.3\" type=\"text\/css\" media=\"all\" \/> \t\t\t<div class=\"woocommerce-notices-wrapper\"><\/div>\n<div class=\"wd-registration-page wd-register-tabs\">\n\n\n<div class=\"row\" id=\"customer_login\">\n\n\t<div class=\"col-12 col-md-6 col-login\">\n\n\n\t\t<h2 class=\"wd-login-title\">Se connecter<\/h2>\n\n\t\t\t\t\t<form method=\"post\" class=\"login woocommerce-form woocommerce-form-login\n\t\t\t\t\t\t\" action=\"https:\/\/anggunboutique.com\/?page_id=10&#038;action=login\" \t\t\t>\n\n\t\t\t\t\n\t\t\t\t\n\t\t\t\t<p class=\"woocommerce-FormRow woocommerce-FormRow--wide form-row form-row-wide form-row-username\">\n\t\t\t\t\t<label for=\"username\">Identifiant ou e-mail&nbsp;<span class=\"required\">*<\/span><\/label>\n\t\t\t\t\t<input type=\"text\" class=\"woocommerce-Input woocommerce-Input--text input-text\" name=\"username\" id=\"username\" value=\"\" \/>\t\t\t\t<\/p>\n\t\t\t\t<p class=\"woocommerce-FormRow woocommerce-FormRow--wide form-row form-row-wide form-row-password\">\n\t\t\t\t\t<label for=\"password\">Password&nbsp;<span class=\"required\">*<\/span><\/label>\n\t\t\t\t\t<input class=\"woocommerce-Input woocommerce-Input--text input-text\" type=\"password\" name=\"password\" id=\"password\" autocomplete=\"current-password\" \/>\n\t\t\t\t<\/p>\n\n\t\t\t\t\t\t<div class=\"g-recaptcha\" data-sitekey=\"6LcGxVcsAAAAAHrrgYWhr5Q3P59J8K9ucQ9FMdN6\"><\/div>\r\n\t\t<br\/>\r\n\t\t\n\t\t\t\t<p class=\"form-row\">\n\t\t\t\t\t<input type=\"hidden\" id=\"woocommerce-login-nonce\" name=\"woocommerce-login-nonce\" value=\"53fbd03564\" \/><input type=\"hidden\" name=\"_wp_http_referer\" value=\"\/index.php?rest_route=%2Fwp%2Fv2%2Fpages%2F10\" \/>\t\t\t\t\t\t\t\t\t\t<button type=\"submit\" class=\"button woocommerce-button woocommerce-form-login__submit\" name=\"login\" value=\"Log in\">Log in<\/button>\n\t\t\t\t<\/p>\n\n\t\t\t\t<p class=\"login-form-footer\">\n\t\t\t\t\t<a href=\"https:\/\/anggunboutique.com\/?page_id=10&#038;lost-password\" class=\"woocommerce-LostPassword lost_password\">Lost your password?<\/a>\n\t\t\t\t\t<label class=\"woocommerce-form__label woocommerce-form__label-for-checkbox woocommerce-form-login__rememberme\">\n\t\t\t\t\t\t<input class=\"woocommerce-form__input woocommerce-form__input-checkbox\" name=\"rememberme\" type=\"checkbox\" value=\"forever\" title=\"Remember me\" aria-label=\"Remember me\" \/> <span>Remember me<\/span>\n\t\t\t\t\t<\/label>\n\t\t\t\t<\/p>\n\n\t\t\t\t\n\t\t\t\t\t\t\t<\/form>\n\n\t\t\n\n\t<\/div>\n\n\t<div class=\"col-12 col-md-6 col-register\">\n\n\t\t<h2 class=\"wd-login-title\">S\u2019inscrire<\/h2>\n\n\t\t<form method=\"post\" action=\"https:\/\/anggunboutique.com\/?page_id=10&#038;action=register\" class=\"woocommerce-form woocommerce-form-register register\"  >\n\n\t\t\t\n\t\t\t\n\t\t\t<p class=\"woocommerce-form-row woocommerce-form-row--wide form-row form-row-wide\">\n\t\t\t\t<label for=\"reg_email\">Adresse e-mail&nbsp;<span class=\"required\">*<\/span><\/label>\n\t\t\t\t<input type=\"email\" class=\"woocommerce-Input woocommerce-Input--text input-text\" name=\"email\" id=\"reg_email\" autocomplete=\"email\" value=\"\" \/>\t\t\t<\/p>\n\n\t\t\t\n\t\t\t\t<p>Un lien permettant de d\u00e9finir un nouveau mot de passe sera envoy\u00e9 \u00e0 votre adresse e-mail.<\/p>\n\n\t\t\t\n\t\t\t<!-- Spam Trap -->\n\t\t\t<div style=\"left: -999em; position: absolute;\"><label for=\"trap\">Anti-spam<\/label><input type=\"text\" name=\"email_2\" id=\"trap\" tabindex=\"-1\" \/><\/div>\n\n\t\t\t\t\t<div class=\"g-recaptcha\" data-sitekey=\"6LcGxVcsAAAAAHrrgYWhr5Q3P59J8K9ucQ9FMdN6\"><\/div>\r\n\t\t<br\/>\r\n\t\t<wc-order-attribution-inputs><\/wc-order-attribution-inputs><div class=\"woocommerce-privacy-policy-text\"><p>Vos donn\u00e9es personnelles seront utilis\u00e9es pour soutenir votre exp\u00e9rience sur ce site Web, pour g\u00e9rer l'acc\u00e8s \u00e0 votre compte et \u00e0 d'autres fins d\u00e9crites dans notre <a href=\"https:\/\/anggunboutique.com\/?page_id=3\" class=\"woocommerce-privacy-policy-link\" target=\"_blank\">politique de confidentialit\u00e9<\/a>.<\/p>\n<\/div>\n\t\t\t<p class=\"woocommerce-form-row form-row\">\n\t\t\t\t<input type=\"hidden\" id=\"woocommerce-register-nonce\" name=\"woocommerce-register-nonce\" value=\"2786810f57\" \/><input type=\"hidden\" name=\"_wp_http_referer\" value=\"\/index.php?rest_route=%2Fwp%2Fv2%2Fpages%2F10\" \/>\t\t\t\t<button type=\"submit\" class=\"woocommerce-Button woocommerce-button button\" name=\"register\" value=\"S\u2019inscrire\">S\u2019inscrire<\/button>\n\t\t\t<\/p>\n\n\t\t\t\n\t\t<\/form>\n\n\t<\/div>\n\n\t\t\t<div class=\"col-12 col-md-6 col-register-text\">\n\n\t\t\t<p class=\"title wd-login-divider \"><span>Or<\/span><\/p>\n\n\t\t\t\n\t\t\t\t\t\t\t<h2 class=\"wd-login-title\">Cr\u00e9ez votre compte<\/h2>\n\t\t\t\n\t\t\t\n\t\t\t\t\t\t\t<div class=\"registration-info\"><p id=\"tw-target-text\" class=\"tw-data-text tw-text-large tw-ta\" dir=\"ltr\" data-placeholder=\"Translation\" aria-label=\"Translated text\" data-ved=\"2ahUKEwjdo5yG54-GAxXWAfsDHXPoCUsQ3ewLegQIBRAU\"><span class=\"Y2IQFc\" lang=\"fr\">L'inscription sur ce site vous permet d'acc\u00e9der au statut et \u00e0 l'historique de vos commandes. Remplissez simplement les champs ci-dessous et nous cr\u00e9erons un nouveau compte pour vous en un rien de temps. Nous vous demanderons uniquement les informations n\u00e9cessaires pour rendre le processus d'achat plus rapide et plus facile.<\/span><\/p><\/div>\n\t\t\t\n\t\t\t\n\t\t\t<a href=\"#\" rel=\"nofollow noopener\" class=\"btn wd-switch-to-register\" data-login=\"Se connecter\" data-login-title=\"Se connecter\" data-reg-title=\"Cr\u00e9ez votre compte\" data-register=\"S\u2019inscrire\">S\u2019inscrire<\/a>\n\n\t\t<\/div>\n\t\n<\/div>\n\n<\/div>\n\n<\/div>\n","protected":false},"excerpt":{"rendered":"","protected":false},"author":1,"featured_media":0,"parent":0,"menu_order":0,"comment_status":"closed","ping_status":"closed","template":"","meta":{"footnotes":""},"class_list":["post-10","page","type-page","status-publish","hentry"],"_links":{"self":[{"href":"https:\/\/anggunboutique.com\/index.php?rest_route=\/wp\/v2\/pages\/10","targetHints":{"allow":["GET"]}}],"collection":[{"href":"https:\/\/anggunboutique.com\/index.php?rest_route=\/wp\/v2\/pages"}],"about":[{"href":"https:\/\/anggunboutique.com\/index.php?rest_route=\/wp\/v2\/types\/page"}],"author":[{"embeddable":true,"href":"https:\/\/anggunboutique.com\/index.php?rest_route=\/wp\/v2\/users\/1"}],"replies":[{"embeddable":true,"href":"https:\/\/anggunboutique.com\/index.php?rest_route=%2Fwp%2Fv2%2Fcomments&post=10"}],"version-history":[{"count":0,"href":"https:\/\/anggunboutique.com\/index.php?rest_route=\/wp\/v2\/pages\/10\/revisions"}],"wp:attachment":[{"href":"https:\/\/anggunboutique.com\/index.php?rest_route=%2Fwp%2Fv2%2Fmedia&parent=10"}],"curies":[{"name":"wp","href":"https:\/\/api.w.org\/{rel}","templated":true}]}}