{"id":15943,"date":"2024-03-08T07:22:40","date_gmt":"2024-03-08T06:22:40","guid":{"rendered":"https:\/\/anggunboutique.com\/?page_id=15943"},"modified":"2024-06-07T11:47:54","modified_gmt":"2024-06-07T09:47:54","slug":"conditions-generales-de-anggun-boutique","status":"publish","type":"page","link":"https:\/\/anggunboutique.com\/?page_id=15943","title":{"rendered":"Conditions G\u00e9n\u00e9rales de Anggun Boutique"},"content":{"rendered":"\n<h2 class=\"wp-block-heading\">Introduction<\/h2>\n\n\n\n<p>Bienvenue sur Anggun Boutique ! Ces conditions g\u00e9n\u00e9rales d\u00e9finissent les r\u00e8gles et r\u00e9gulations pour l&rsquo;utilisation du site Web de Anggun Boutique, situ\u00e9 \u00e0 www.anggunboutique.com<\/p>\n\n\n\n<p>En acc\u00e9dant \u00e0 ce site web, nous supposons que vous acceptez ces conditions g\u00e9n\u00e9rales. Ne continuez pas \u00e0 utiliser Anggun Boutique si vous n&rsquo;acceptez pas de prendre toutes les conditions g\u00e9n\u00e9rales \u00e9nonc\u00e9es sur cette page.<\/p>\n\n\n\n<h2 class=\"wp-block-heading\">Avis de Droit d&rsquo;Auteur<\/h2>\n\n\n\n<p>Copyright (c) [2024]. Anggun Boutique. Tous droits r\u00e9serv\u00e9s. La reproduction, distribution ou transmission non autoris\u00e9e de tout mat\u00e9riel, y compris des photos, graphiques et textes, sans l&rsquo;autorisation \u00e9crite expresse de Anggun Boutique est interdite.<\/p>\n\n\n\n<h2 class=\"wp-block-heading\">Licence d&rsquo;Utilisation du Site Web<\/h2>\n\n\n\n<p>Anggun Boutique vous accorde une licence limit\u00e9e pour acc\u00e9der et utiliser ce site web \u00e0 des fins personnelles. Cette licence n&rsquo;inclut aucune revente ou utilisation commerciale de ce site ou de son contenu.<\/p>\n\n\n\n<h2 class=\"wp-block-heading\">Produits ou Services<\/h2>\n\n\n\n<p>Anggun Boutique propose des produits tels que d\u00e9crits sur le site web. Nous nous r\u00e9servons le droit d&rsquo;interrompre ou de modifier les sp\u00e9cifications de nos produits et services sans pr\u00e9avis. Nous ne garantissons pas que la qualit\u00e9 de tous les produits, services, informations, ou autres mat\u00e9riaux achet\u00e9s ou obtenus par vous r\u00e9pondra \u00e0 vos attentes.<\/p>\n\n\n\n<h2 class=\"wp-block-heading\">Commandes, Prix et Paiements<\/h2>\n\n\n\n<p>Toutes les commandes sont sujettes \u00e0 acceptation et disponibilit\u00e9. Les prix de nos produits sont sujets \u00e0 changement sans pr\u00e9avis. Nous nous r\u00e9servons le droit \u00e0 tout moment de modifier ou d&rsquo;interrompre le Service (ou toute partie ou contenu de celui-ci) sans pr\u00e9avis.<\/p>\n\n\n\n<h2 class=\"wp-block-heading\">Exp\u00e9dition et Livraison<\/h2>\n\n\n\n<p>Anggun Boutique exp\u00e9die \u00e0 des adresses partout dans le monde. Les co\u00fbts d&rsquo;exp\u00e9dition seront factur\u00e9s en plus du prix des produits. Les d\u00e9lais de livraison peuvent varier en fonction du lieu de livraison et de la disponibilit\u00e9 des produits.<\/p>\n\n\n\n<h2 class=\"wp-block-heading\">Politique de Retours et de Remboursements<\/h2>\n\n\n\n<p>Nous offrons une politique de retour de 14 jours. Pour \u00eatre \u00e9ligible \u00e0 un retour, votre article doit \u00eatre inutilis\u00e9 et dans le m\u00eame \u00e9tat que vous l&rsquo;avez re\u00e7u. Les remboursements sont trait\u00e9s par la m\u00e9thode originale de paiement.<\/p>\n\n\n\n<h2 class=\"wp-block-heading\">Commentaires des Utilisateurs, Retours d&rsquo;Information et Autres Soumissions<\/h2>\n\n\n\n<p>Si vous envoyez certaines soumissions sp\u00e9cifiques (par exemple, des inscriptions \u00e0 des concours) ou sans une demande de notre part vous envoyez des id\u00e9es cr\u00e9atives, des suggestions, des propositions, des plans ou d&rsquo;autres mat\u00e9riaux, que ce soit en ligne, par email, par courrier postal, ou autrement, vous acceptez que nous puissions, \u00e0 tout moment, sans restriction, \u00e9diter, copier, publier, distribuer, traduire et utiliser de toute autre mani\u00e8re dans tout m\u00e9dium tout commentaire que vous nous transmettez.<\/p>\n\n\n\n<h2 class=\"wp-block-heading\">Informations Personnelles<\/h2>\n\n\n\n<p>Votre soumission d&rsquo;informations personnelles \u00e0 travers la boutique est r\u00e9gie par notre Politique de Confidentialit\u00e9. https:\/\/europa.eu\/youreurope\/citizens\/consumers\/internet-telecoms\/data-protection-online-privacy\/index_en.htm<\/p>\n\n\n\n<h2 class=\"wp-block-heading\">Erreurs, Inexactitudes et Omissions<\/h2>\n\n\n\n<p>Occasionnellement, il peut y avoir des informations sur notre site ou dans le Service qui contiennent des erreurs typographiques, des inexactitudes ou des omissions qui peuvent se rapporter \u00e0 des descriptions de produits, \u00e0 des prix, \u00e0 des promotions, \u00e0 des offres, \u00e0 des frais d&rsquo;exp\u00e9dition de produits, \u00e0 des temps de transit et \u00e0 la disponibilit\u00e9.<\/p>\n\n\n\n<h2 class=\"wp-block-heading\">Utilisations Interdites<\/h2>\n\n\n\n<p>En plus d&rsquo;autres interdictions telles que d\u00e9finies dans les Conditions G\u00e9n\u00e9rales, vous \u00eates interdit d&rsquo;utiliser le site ou son contenu: pour tout but ill\u00e9gal; pour solliciter d&rsquo;autres \u00e0 r\u00e9aliser ou participer \u00e0 des actes ill\u00e9gaux; pour violer toute r\u00e9glementation internationale, r\u00e8gle, loi ou ordonnance locale; pour enfreindre ou violer nos droits de propri\u00e9t\u00e9 intellectuelle ou les droits de propri\u00e9t\u00e9 intellectuelle d&rsquo;autres.<\/p>\n\n\n\n<h2 class=\"wp-block-heading\">Avertissement de Garanties; Limitation de Responsabilit\u00e9<\/h2>\n\n\n\n<p>Nous ne garantissons pas, ne repr\u00e9sentons pas et ne certifions pas que votre utilisation de notre service sera ininterrompue, ponctuelle, s\u00e9curis\u00e9e ou sans erreur. Nous ne garantissons pas que les r\u00e9sultats qui peuvent \u00eatre obtenus de l&rsquo;utilisation du service seront pr\u00e9cis ou fiables.<\/p>\n\n\n\n<h2 class=\"wp-block-heading\">Loi Applicable<\/h2>\n\n\n\n<p>Ces conditions g\u00e9n\u00e9rales sont r\u00e9gies par et construites en accord avec les lois de France et vous vous soumettez irr\u00e9vocablement \u00e0 la juridiction exclusive des tribunaux de France.<\/p>\n\n\n\n<h2 class=\"wp-block-heading\">Changements aux Conditions G\u00e9n\u00e9rales<\/h2>\n\n\n\n<p>Nous nous r\u00e9servons le droit, \u00e0 notre seule discr\u00e9tion, de mettre \u00e0 jour, de changer ou de remplacer toute partie de ces Conditions G\u00e9n\u00e9rales en publiant des mises \u00e0 jour et des changements sur notre site web. Il est de votre responsabilit\u00e9 de v\u00e9rifier p\u00e9riodiquement notre site web pour les changements.<\/p>\n\n\n\n<h2 class=\"wp-block-heading\">Informations de Contact<\/h2>\n\n\n\n<p>Les questions concernant les Conditions G\u00e9n\u00e9rales doivent \u00eatre envoy\u00e9es \u00e0 anggunboutiquefr@gmail.com<\/p>\n","protected":false},"excerpt":{"rendered":"<p>Introduction Bienvenue sur Anggun Boutique ! Ces conditions g\u00e9n\u00e9rales d\u00e9finissent les r\u00e8gles et r\u00e9gulations pour l&rsquo;utilisation du site Web de<\/p>\n","protected":false},"author":1,"featured_media":0,"parent":0,"menu_order":0,"comment_status":"closed","ping_status":"closed","template":"","meta":{"footnotes":""},"class_list":["post-15943","page","type-page","status-publish","hentry"],"_links":{"self":[{"href":"https:\/\/anggunboutique.com\/index.php?rest_route=\/wp\/v2\/pages\/15943","targetHints":{"allow":["GET"]}}],"collection":[{"href":"https:\/\/anggunboutique.com\/index.php?rest_route=\/wp\/v2\/pages"}],"about":[{"href":"https:\/\/anggunboutique.com\/index.php?rest_route=\/wp\/v2\/types\/page"}],"author":[{"embeddable":true,"href":"https:\/\/anggunboutique.com\/index.php?rest_route=\/wp\/v2\/users\/1"}],"replies":[{"embeddable":true,"href":"https:\/\/anggunboutique.com\/index.php?rest_route=%2Fwp%2Fv2%2Fcomments&post=15943"}],"version-history":[{"count":1,"href":"https:\/\/anggunboutique.com\/index.php?rest_route=\/wp\/v2\/pages\/15943\/revisions"}],"predecessor-version":[{"id":15944,"href":"https:\/\/anggunboutique.com\/index.php?rest_route=\/wp\/v2\/pages\/15943\/revisions\/15944"}],"wp:attachment":[{"href":"https:\/\/anggunboutique.com\/index.php?rest_route=%2Fwp%2Fv2%2Fmedia&parent=15943"}],"curies":[{"name":"wp","href":"https:\/\/api.w.org\/{rel}","templated":true}]}}