{"id":16168,"date":"2024-03-14T10:27:51","date_gmt":"2024-03-14T09:27:51","guid":{"rendered":"https:\/\/anggunboutique.com\/?page_id=16168"},"modified":"2026-02-12T17:55:00","modified_gmt":"2026-02-12T16:55:00","slug":"retour-de-produit","status":"publish","type":"page","link":"https:\/\/anggunboutique.com\/?page_id=16168","title":{"rendered":"Retour de produit"},"content":{"rendered":"\t\t<div data-elementor-type=\"wp-page\" data-elementor-id=\"16168\" class=\"elementor elementor-16168\">\n\t\t\t\t<div class=\"elementor-element elementor-element-7a5578f2 e-flex e-con-boxed e-con e-parent\" data-id=\"7a5578f2\" data-element_type=\"container\" data-e-type=\"container\">\n\t\t\t\t\t<div class=\"e-con-inner\">\n\t\t\t\t<div class=\"elementor-element elementor-element-4bbca282 color-scheme-inherit text-left elementor-widget elementor-widget-text-editor\" data-id=\"4bbca282\" data-element_type=\"widget\" data-e-type=\"widget\" data-widget_type=\"text-editor.default\">\n\t\t\t\t<div class=\"elementor-widget-container\">\n\t\t\t\t\t\t\t\t\t\n<h2 class=\"wp-block-heading\" data-start=\"272\" data-end=\"328\">POLITIQUE DE RETOUR &amp; REMBOURSEMENT \u2013 ANGGUN BOUTIQUE<\/h2>\n<h3 data-start=\"330\" data-end=\"373\">ACHATS EN MAGASIN \/ \u00c9V\u00c9NEMENTS \/ POP-UP<\/h3>\n<p data-start=\"375\" data-end=\"514\">Les <strong data-start=\"379\" data-end=\"398\">robes de pri\u00e8re<\/strong> et articles achet\u00e9s en <strong data-start=\"422\" data-end=\"463\">boutique, pop-up ou lors d\u2019\u00e9v\u00e9nements<\/strong> ne sont <strong data-start=\"472\" data-end=\"513\">ni repris, ni \u00e9chang\u00e9s, ni rembours\u00e9s<\/strong>.<\/p>\n<p data-start=\"516\" data-end=\"587\">Merci de <strong data-start=\"525\" data-end=\"586\">v\u00e9rifier la taille, la couleur et le mod\u00e8le avant l\u2019achat<\/strong>.<\/p>\n<p data-start=\"589\" data-end=\"774\">Exception l\u00e9gale :<br data-start=\"607\" data-end=\"610\" \/>Un retour ou un \u00e9change sera accept\u00e9 <strong data-start=\"647\" data-end=\"661\">uniquement<\/strong> si le produit pr\u00e9sente un <strong data-start=\"688\" data-end=\"698\">d\u00e9faut<\/strong> ou s\u2019il ne correspond pas \u00e0 la description (garantie l\u00e9gale de conformit\u00e9).<\/p>\n<hr data-start=\"776\" data-end=\"779\" \/>\n<h3 data-start=\"781\" data-end=\"835\">ACHATS EN LIGNE (SITE INTERNET \/ VENTE \u00c0 DISTANCE)<\/h3>\n<p data-start=\"837\" data-end=\"1025\">Pour tout achat effectu\u00e9 en ligne, le client dispose d\u2019un <strong data-start=\"895\" data-end=\"922\">d\u00e9lai l\u00e9gal de 14 jours<\/strong> \u00e0 compter de la r\u00e9ception de la commande pour demander un retour, <strong data-start=\"989\" data-end=\"1024\">sans avoir \u00e0 justifier de motif<\/strong>.<\/p>\n<p data-start=\"1027\" data-end=\"1049\">Conditions de retour :<\/p>\n<ul data-start=\"1050\" data-end=\"1270\">\n<li data-start=\"1050\" data-end=\"1189\">\n<p data-start=\"1052\" data-end=\"1189\">Les <strong data-start=\"1056\" data-end=\"1075\">robes de pri\u00e8re<\/strong> doivent \u00eatre <strong data-start=\"1089\" data-end=\"1124\">neuves, non port\u00e9es, non lav\u00e9es<\/strong>, dans leur <strong data-start=\"1136\" data-end=\"1154\">\u00e9tat d\u2019origine<\/strong>, avec les <strong data-start=\"1165\" data-end=\"1188\">\u00e9tiquettes intactes<\/strong>.<\/p>\n<\/li>\n<li data-start=\"1190\" data-end=\"1270\">\n<p data-start=\"1192\" data-end=\"1270\">Les articles salis, port\u00e9s, lav\u00e9s ou endommag\u00e9s ne pourront pas \u00eatre accept\u00e9s.<\/p>\n<\/li>\n<\/ul>\n<p data-start=\"1272\" data-end=\"1293\">Proc\u00e9dure de retour :<\/p>\n<ul data-start=\"1294\" data-end=\"1479\">\n<li data-start=\"1294\" data-end=\"1390\">\n<p data-start=\"1296\" data-end=\"1390\">Le client doit <strong data-start=\"1311\" data-end=\"1357\">nous contacter par email avant tout retour<\/strong> afin d\u2019obtenir les instructions.<\/p>\n<\/li>\n<li data-start=\"1391\" data-end=\"1479\">\n<p data-start=\"1393\" data-end=\"1479\">Le retour doit \u00eatre effectu\u00e9 dans un d\u00e9lai de <strong data-start=\"1439\" data-end=\"1478\">14 jours apr\u00e8s la demande de retour<\/strong>.<\/p>\n<\/li>\n<\/ul>\n<p data-start=\"1481\" data-end=\"1498\">Frais de retour :<\/p>\n<ul data-start=\"1499\" data-end=\"1613\">\n<li data-start=\"1499\" data-end=\"1613\">\n<p data-start=\"1501\" data-end=\"1613\">Les <strong data-start=\"1505\" data-end=\"1551\">frais de retour sont \u00e0 la charge du client<\/strong>, sauf en cas de produit d\u00e9fectueux ou d\u2019erreur de notre part.<\/p>\n<\/li>\n<\/ul>\n<p data-start=\"1615\" data-end=\"1630\">Remboursement :<\/p>\n<ul data-start=\"1631\" data-end=\"1878\">\n<li data-start=\"1631\" data-end=\"1798\">\n<p data-start=\"1633\" data-end=\"1798\">Le remboursement sera effectu\u00e9 via le <strong data-start=\"1671\" data-end=\"1716\">moyen de paiement utilis\u00e9 lors de l\u2019achat<\/strong>, dans un d\u00e9lai maximum de <strong data-start=\"1743\" data-end=\"1755\">14 jours<\/strong> apr\u00e8s r\u00e9ception et v\u00e9rification du retour.<\/p>\n<\/li>\n<li data-start=\"1799\" data-end=\"1878\">\n<p data-start=\"1801\" data-end=\"1878\">Les <strong data-start=\"1805\" data-end=\"1837\">frais de livraison standards<\/strong> seront rembours\u00e9s conform\u00e9ment \u00e0 la loi.<\/p>\n<\/li>\n<\/ul>\n<hr data-start=\"1880\" data-end=\"1883\" \/>\n<h3 data-start=\"1885\" data-end=\"1911\">INFORMATION IMPORTANTE<\/h3>\n<p data-start=\"1913\" data-end=\"2010\">Pour des <strong data-start=\"1922\" data-end=\"1943\">raisons d\u2019hygi\u00e8ne<\/strong>, tout article port\u00e9 ou lav\u00e9 ne pourra \u00eatre ni repris ni rembours\u00e9.<\/p>\n\n<p>Pour toute question concernant un retour, un \u00e9change ou un remboursement, merci de nous contacter \u00e0 l\u2019adresse suivante : contact@anggunboutique.com avant d\u2019envoyer votre colis.<\/p>\n\n<p class=\"is-layout-flow wp-block-quote-is-layout-flow\">\u00a0<\/p>\n\t\t\t\t\t\t\t\t<\/div>\n\t\t\t\t<\/div>\n\t\t\t\t\t<\/div>\n\t\t\t\t<\/div>\n\t\t\t\t<\/div>\n\t\t","protected":false},"excerpt":{"rendered":"<p>POLITIQUE DE RETOUR &amp; REMBOURSEMENT \u2013 ANGGUN BOUTIQUE ACHATS EN MAGASIN \/ \u00c9V\u00c9NEMENTS \/ POP-UP Les robes de pri\u00e8re et<\/p>\n","protected":false},"author":1,"featured_media":0,"parent":0,"menu_order":0,"comment_status":"closed","ping_status":"closed","template":"","meta":{"footnotes":""},"class_list":["post-16168","page","type-page","status-publish","hentry"],"_links":{"self":[{"href":"https:\/\/anggunboutique.com\/index.php?rest_route=\/wp\/v2\/pages\/16168","targetHints":{"allow":["GET"]}}],"collection":[{"href":"https:\/\/anggunboutique.com\/index.php?rest_route=\/wp\/v2\/pages"}],"about":[{"href":"https:\/\/anggunboutique.com\/index.php?rest_route=\/wp\/v2\/types\/page"}],"author":[{"embeddable":true,"href":"https:\/\/anggunboutique.com\/index.php?rest_route=\/wp\/v2\/users\/1"}],"replies":[{"embeddable":true,"href":"https:\/\/anggunboutique.com\/index.php?rest_route=%2Fwp%2Fv2%2Fcomments&post=16168"}],"version-history":[{"count":7,"href":"https:\/\/anggunboutique.com\/index.php?rest_route=\/wp\/v2\/pages\/16168\/revisions"}],"predecessor-version":[{"id":17882,"href":"https:\/\/anggunboutique.com\/index.php?rest_route=\/wp\/v2\/pages\/16168\/revisions\/17882"}],"wp:attachment":[{"href":"https:\/\/anggunboutique.com\/index.php?rest_route=%2Fwp%2Fv2%2Fmedia&parent=16168"}],"curies":[{"name":"wp","href":"https:\/\/api.w.org\/{rel}","templated":true}]}}