{"id":16244,"date":"2024-04-02T22:50:39","date_gmt":"2024-04-02T20:50:39","guid":{"rendered":"https:\/\/anggunboutique.com\/?page_id=16244"},"modified":"2024-06-07T11:42:26","modified_gmt":"2024-06-07T09:42:26","slug":"delai-de-livraison-et-dexpedition","status":"publish","type":"page","link":"https:\/\/anggunboutique.com\/?page_id=16244","title":{"rendered":"D\u00e9lai de livraison et d&rsquo;exp\u00e9dition"},"content":{"rendered":"\t\t<div data-elementor-type=\"wp-page\" data-elementor-id=\"16244\" class=\"elementor elementor-16244\">\n\t\t\t\t<div class=\"wd-negative-gap elementor-element elementor-element-29a07542 e-flex e-con-boxed e-con e-parent\" data-id=\"29a07542\" data-element_type=\"container\" data-e-type=\"container\">\n\t\t\t\t\t<div class=\"e-con-inner\">\n\t\t\t\t<div class=\"elementor-element elementor-element-57ce991b color-scheme-inherit text-left elementor-widget elementor-widget-text-editor\" data-id=\"57ce991b\" data-element_type=\"widget\" data-e-type=\"widget\" data-widget_type=\"text-editor.default\">\n\t\t\t\t<div class=\"elementor-widget-container\">\n\t\t\t\t\t\t\t\t\t<p><\/p>\n<p><strong>Exp\u00e9dition de votre colis sous 1-3 jours<\/strong><\/p>\n<p><\/p>\n<p><\/p>\n<p>Apr\u00e8s validation de votre commande, votre colis est confi\u00e9 par l&rsquo;\u00e9quipe de Anggun Boutique sous 1-3 jours au transporteur.<\/p>\n<p><\/p>\n<p><\/p>\n<p><strong>Modes de livraison et delais<\/strong><\/p>\n<p><\/p>\n<p><\/p>\n<p id=\"tw-target-text\">Pour l&rsquo;instant nous vous proposons la livraison par Mondial Relay. Contactez-nous si vous avez des questions ou avez besoin de plus d\u2019informations \u00e0 ce sujet.<\/p>\n<p><\/p>\n<p><\/p>\n<p><em>Mondial relay : sous 4 \u00e0 6 jours ouvr\u00e9s<\/em><\/p>\n<p><\/p>\n<p><\/p>\n<p>Assure une livraison entre 4 et 6 jours ouvr\u00e9s cela peut \u00eatre plus rapide voir plus long en fonction de votre localisation, zone g\u00e9ographique. ATTENTION pendant les p\u00e9riodes de f\u00eates de fin d&rsquo;ann\u00e9e comptez le double en terme de d\u00e9lais. Si le d\u00e9lais de 12 jours est d\u00e9pass\u00e9 vous pouvez contacter\u00a0Mondial Relay au 09 69 32 23 32.<\/p>\n<p><\/p>\t\t\t\t\t\t\t\t<\/div>\n\t\t\t\t<\/div>\n\t\t\t\t\t<\/div>\n\t\t\t\t<\/div>\n\t\t<div class=\"wd-negative-gap elementor-element elementor-element-9d9269d e-flex e-con-boxed e-con e-parent\" data-id=\"9d9269d\" data-element_type=\"container\" data-e-type=\"container\">\n\t\t\t\t\t<div class=\"e-con-inner\">\n\t\t\t\t<div class=\"elementor-element elementor-element-1e48679 elementor-widget elementor-widget-image\" data-id=\"1e48679\" data-element_type=\"widget\" data-e-type=\"widget\" data-widget_type=\"image.default\">\n\t\t\t\t<div class=\"elementor-widget-container\">\n\t\t\t\t\t\t\t\t\t\t\t\t\t\t\t<img fetchpriority=\"high\" decoding=\"async\" width=\"768\" height=\"511\" src=\"https:\/\/anggunboutique.com\/wp-content\/uploads\/2024\/06\/close-up-hands-cutting-thread_23-2148975597-768x511.jpg\" class=\"attachment-medium_large size-medium_large wp-image-16437\" alt=\"\" srcset=\"https:\/\/anggunboutique.com\/wp-content\/uploads\/2024\/06\/close-up-hands-cutting-thread_23-2148975597-768x511.jpg 768w, https:\/\/anggunboutique.com\/wp-content\/uploads\/2024\/06\/close-up-hands-cutting-thread_23-2148975597-400x266.jpg 400w, https:\/\/anggunboutique.com\/wp-content\/uploads\/2024\/06\/close-up-hands-cutting-thread_23-2148975597-700x466.jpg 700w, https:\/\/anggunboutique.com\/wp-content\/uploads\/2024\/06\/close-up-hands-cutting-thread_23-2148975597-150x100.jpg 150w, https:\/\/anggunboutique.com\/wp-content\/uploads\/2024\/06\/close-up-hands-cutting-thread_23-2148975597.jpg 900w\" sizes=\"(max-width: 768px) 100vw, 768px\" \/>\t\t\t\t\t\t\t\t\t\t\t\t\t\t\t<\/div>\n\t\t\t\t<\/div>\n\t\t\t\t\t<\/div>\n\t\t\t\t<\/div>\n\t\t\t\t<\/div>\n\t\t","protected":false},"excerpt":{"rendered":"<p>Exp\u00e9dition de votre colis sous 1-3 jours Apr\u00e8s validation de votre commande, votre colis est confi\u00e9 par l&rsquo;\u00e9quipe de Anggun<\/p>\n","protected":false},"author":1,"featured_media":0,"parent":0,"menu_order":0,"comment_status":"closed","ping_status":"closed","template":"","meta":{"footnotes":""},"class_list":["post-16244","page","type-page","status-publish","hentry"],"_links":{"self":[{"href":"https:\/\/anggunboutique.com\/index.php?rest_route=\/wp\/v2\/pages\/16244","targetHints":{"allow":["GET"]}}],"collection":[{"href":"https:\/\/anggunboutique.com\/index.php?rest_route=\/wp\/v2\/pages"}],"about":[{"href":"https:\/\/anggunboutique.com\/index.php?rest_route=\/wp\/v2\/types\/page"}],"author":[{"embeddable":true,"href":"https:\/\/anggunboutique.com\/index.php?rest_route=\/wp\/v2\/users\/1"}],"replies":[{"embeddable":true,"href":"https:\/\/anggunboutique.com\/index.php?rest_route=%2Fwp%2Fv2%2Fcomments&post=16244"}],"version-history":[{"count":8,"href":"https:\/\/anggunboutique.com\/index.php?rest_route=\/wp\/v2\/pages\/16244\/revisions"}],"predecessor-version":[{"id":16440,"href":"https:\/\/anggunboutique.com\/index.php?rest_route=\/wp\/v2\/pages\/16244\/revisions\/16440"}],"wp:attachment":[{"href":"https:\/\/anggunboutique.com\/index.php?rest_route=%2Fwp%2Fv2%2Fmedia&parent=16244"}],"curies":[{"name":"wp","href":"https:\/\/api.w.org\/{rel}","templated":true}]}}