{"id":16619,"date":"2024-11-04T16:19:44","date_gmt":"2024-11-04T15:19:44","guid":{"rendered":"https:\/\/anggunboutique.com\/?page_id=16619"},"modified":"2024-11-04T21:47:07","modified_gmt":"2024-11-04T20:47:07","slug":"qui-somme-nous","status":"publish","type":"page","link":"https:\/\/anggunboutique.com\/?page_id=16619","title":{"rendered":"Qui sommes-nous?"},"content":{"rendered":"\t\t<div data-elementor-type=\"wp-page\" data-elementor-id=\"16619\" class=\"elementor elementor-16619\">\n\t\t\t\t<div class=\"elementor-element elementor-element-01a92ed e-flex e-con-boxed e-con e-parent\" data-id=\"01a92ed\" data-element_type=\"container\" data-e-type=\"container\">\n\t\t\t\t\t<div class=\"e-con-inner\">\n\t\t\t\t<div class=\"elementor-element elementor-element-f1f173f wd-width-100 elementor-widget elementor-widget-wd_title\" data-id=\"f1f173f\" data-element_type=\"widget\" data-e-type=\"widget\" data-widget_type=\"wd_title.default\">\n\t\t\t\t<div class=\"elementor-widget-container\">\n\t\t\t\t\t\t\t\t<link rel=\"stylesheet\" id=\"wd-section-title-css\" href=\"https:\/\/anggunboutique.com\/wp-content\/themes\/woodmart\/css\/parts\/el-section-title.min.css?ver=7.4.3\" type=\"text\/css\" media=\"all\" \/> \t\t\t\t\t<div class=\"title-wrapper set-mb-s reset-last-child wd-title-color-default wd-title-style-default wd-title-size-default text-left\">\n\n\t\t\t\n\t\t\t<div class=\"liner-continer\">\n\t\t\t\t<h4 class=\"woodmart-title-container title wd-fontsize-l\"><span class=\"OYPEnA font-feature-liga-off font-feature-clig-off font-feature-calt-off text-decoration-none text-strikethrough-none\" style=\"font-weight: 700;font-style: normal\">Quel est notre objectif ?<\/span><\/h4> \n\t\t\t\t\t\t\t<\/div>\n\n\t\t\t\t\t\t\t<div class=\"title-after_title set-cont-mb-s reset-last-child wd-fontsize-xs\">\n\t\t\t\t\t<span class=\"OYPEnA font-feature-liga-off font-feature-clig-off font-feature-calt-off text-decoration-none text-strikethrough-none\" style=\"font-weight: 400;font-style: normal\">Nous sommes sp\u00e9cialis\u00e9s dans les robes de pri\u00e8re de haute qualit\u00e9, con\u00e7ues pour vous accompagner au quotidien et lors de vos d\u00e9placements. Inspir\u00e9es de l'art islamique d'Asie du Sud-Est et adapt\u00e9es au style des musulmanes europ\u00e9ennes, nos robes allient tradition et modernit\u00e9. Nous avons choisi des designs \u00e9l\u00e9gants et magnifiques, qui non seulement respectent la tradition, mais aussi mettent en valeur votre beaut\u00e9 personnelle. Chaque robe est con\u00e7ue avec des motifs raffin\u00e9s et des couleurs harmonieuses, vous permettant de vous sentir \u00e0 la fois confortable et styl\u00e9e. Elles viennent avec un petit sac pratique, id\u00e9al pour les ranger facilement dans un bagage ou pour un rangement \u00e0 la maison<\/span>\t\t\t\t<\/div>\n\t\t\t\t\t<\/div>\n\t\t\t\t\t\t<\/div>\n\t\t\t\t<\/div>\n\t\t\t\t<div class=\"elementor-element elementor-element-7156975 elementor-widget elementor-widget-wd_image_or_svg\" data-id=\"7156975\" data-element_type=\"widget\" data-e-type=\"widget\" data-widget_type=\"wd_image_or_svg.default\">\n\t\t\t\t<div class=\"elementor-widget-container\">\n\t\t\t\t\t\n\t\t<div class=\"wd-image text-left\">\n\t\t\t\t\t\t\t<a  href=\"https:\/\/anggunboutique.com\/\">\n\t\t\t\t\t\t\t\t<img fetchpriority=\"high\" decoding=\"async\" width=\"800\" height=\"800\" src=\"https:\/\/anggunboutique.com\/wp-content\/uploads\/2024\/11\/12-800x800.png\" class=\"attachment-large size-large\" alt=\"\" srcset=\"https:\/\/anggunboutique.com\/wp-content\/uploads\/2024\/11\/12-800x800.png 800w, https:\/\/anggunboutique.com\/wp-content\/uploads\/2024\/11\/12-300x300.png 300w, https:\/\/anggunboutique.com\/wp-content\/uploads\/2024\/11\/12-150x150.png 150w, https:\/\/anggunboutique.com\/wp-content\/uploads\/2024\/11\/12-768x768.png 768w, https:\/\/anggunboutique.com\/wp-content\/uploads\/2024\/11\/12-860x860.png 860w, https:\/\/anggunboutique.com\/wp-content\/uploads\/2024\/11\/12-430x430.png 430w, https:\/\/anggunboutique.com\/wp-content\/uploads\/2024\/11\/12-700x700.png 700w, https:\/\/anggunboutique.com\/wp-content\/uploads\/2024\/11\/12.png 1080w\" sizes=\"(max-width: 800px) 100vw, 800px\" \/>\t\t\t\t\t\t\t<\/a>\n\t\t\t\t\t<\/div>\n\n\t\t\t\t\t\t<\/div>\n\t\t\t\t<\/div>\n\t\t\t\t<div class=\"elementor-element elementor-element-01bd8d5 wd-width-100 elementor-widget elementor-widget-wd_title\" data-id=\"01bd8d5\" data-element_type=\"widget\" data-e-type=\"widget\" data-widget_type=\"wd_title.default\">\n\t\t\t\t<div class=\"elementor-widget-container\">\n\t\t\t\t\t\t\t<div class=\"title-wrapper set-mb-s reset-last-child wd-title-color-default wd-title-style-default wd-title-size-default text-left\">\n\n\t\t\t\n\t\t\t<div class=\"liner-continer\">\n\t\t\t\t<h4 class=\"woodmart-title-container title wd-fontsize-l\"><span class=\"OYPEnA font-feature-liga-off font-feature-clig-off font-feature-calt-off text-decoration-none text-strikethrough-none\" style=\"font-weight: 700;font-style: normal\">Pourquoi choisir nos robes de pri\u00e8re ?<\/span><\/h4> \n\t\t\t\t\t\t\t<\/div>\n\n\t\t\t\t\t\t\t<div class=\"title-after_title set-cont-mb-s reset-last-child wd-fontsize-xs\">\n\t\t\t\t\t<p><span class=\"OYPEnA font-feature-liga-off font-feature-clig-off font-feature-calt-off text-decoration-none text-strikethrough-none\" style=\"font-weight: bold;font-style: normal\">Design unique et raffin\u00e9 : <\/span><span class=\"OYPEnA font-feature-liga-off font-feature-clig-off font-feature-calt-off text-decoration-none text-strikethrough-none\" style=\"font-weight: 400;font-style: normal\">Nos robes de pri\u00e8re se distinguent par un style unique, qui marie l\u2019\u00e9l\u00e9gance des motifs d\u2019Asie du Sud-Est et le raffinement du style musulman europ\u00e9en, pour un look \u00e0 la fois traditionnel et contemporain.<\/span><\/p><p><span class=\"OYPEnA font-feature-liga-off font-feature-clig-off font-feature-calt-off text-decoration-none text-strikethrough-none\" style=\"font-weight: bold;font-style: normal\">Haute qualit\u00e9 et fabrication soign\u00e9e :<\/span><span class=\"OYPEnA font-feature-liga-off font-feature-clig-off font-feature-calt-off text-decoration-none text-strikethrough-none\" style=\"font-weight: 400;font-style: normal\"> Confectionn\u00e9es avec des mat\u00e9riaux de premi\u00e8re qualit\u00e9, nos robes sont durables et finement fabriqu\u00e9es pour offrir un confort optimal et une grande long\u00e9vit\u00e9, rendant la pri\u00e8re, qui est le c\u0153ur de la vie de chaque musulmane, plus agr\u00e9able et plus sereine.<\/span><\/p><p><span class=\"OYPEnA font-feature-liga-off font-feature-clig-off font-feature-calt-off text-decoration-none text-strikethrough-none\" style=\"font-weight: bold;font-style: normal\">Praticit\u00e9 pour les d\u00e9placements<\/span><span class=\"OYPEnA font-feature-liga-off font-feature-clig-off font-feature-calt-off text-decoration-none text-strikethrough-none\" style=\"font-weight: 400;font-style: normal\"> : Gr\u00e2ce \u00e0 leur petit sac de rangement inclus, nos robes sont faciles \u00e0 transporter partout, que ce soit pour un voyage ou pour une simple sortie.<\/span><\/p>\t\t\t\t<\/div>\n\t\t\t\t\t<\/div>\n\t\t\t\t\t\t<\/div>\n\t\t\t\t<\/div>\n\t\t\t\t<div class=\"elementor-element elementor-element-efad749 elementor-widget elementor-widget-wd_image_or_svg\" data-id=\"efad749\" data-element_type=\"widget\" data-e-type=\"widget\" data-widget_type=\"wd_image_or_svg.default\">\n\t\t\t\t<div class=\"elementor-widget-container\">\n\t\t\t\t\t\n\t\t<div class=\"wd-image text-left\">\n\t\t\t\t\t\t\t<a  href=\"https:\/\/anggunboutique.com\/\">\n\t\t\t\t\t\t\t\t<img decoding=\"async\" width=\"800\" height=\"800\" src=\"https:\/\/anggunboutique.com\/wp-content\/uploads\/2024\/11\/23-800x800.png\" class=\"attachment-large size-large\" alt=\"\" srcset=\"https:\/\/anggunboutique.com\/wp-content\/uploads\/2024\/11\/23-800x800.png 800w, https:\/\/anggunboutique.com\/wp-content\/uploads\/2024\/11\/23-300x300.png 300w, https:\/\/anggunboutique.com\/wp-content\/uploads\/2024\/11\/23-150x150.png 150w, https:\/\/anggunboutique.com\/wp-content\/uploads\/2024\/11\/23-768x768.png 768w, https:\/\/anggunboutique.com\/wp-content\/uploads\/2024\/11\/23-860x860.png 860w, https:\/\/anggunboutique.com\/wp-content\/uploads\/2024\/11\/23-430x430.png 430w, https:\/\/anggunboutique.com\/wp-content\/uploads\/2024\/11\/23-700x700.png 700w, https:\/\/anggunboutique.com\/wp-content\/uploads\/2024\/11\/23.png 1080w\" sizes=\"(max-width: 800px) 100vw, 800px\" \/>\t\t\t\t\t\t\t<\/a>\n\t\t\t\t\t<\/div>\n\n\t\t\t\t\t\t<\/div>\n\t\t\t\t<\/div>\n\t\t\t\t<div class=\"elementor-element elementor-element-28d96a8 wd-width-100 elementor-widget elementor-widget-wd_title\" data-id=\"28d96a8\" data-element_type=\"widget\" data-e-type=\"widget\" data-widget_type=\"wd_title.default\">\n\t\t\t\t<div class=\"elementor-widget-container\">\n\t\t\t\t\t\t\t<div class=\"title-wrapper set-mb-s reset-last-child wd-title-color-default wd-title-style-default wd-title-size-default text-left\">\n\n\t\t\t\n\t\t\t<div class=\"liner-continer\">\n\t\t\t\t<h4 class=\"woodmart-title-container title wd-fontsize-l\"><span class=\"OYPEnA font-feature-liga-off font-feature-clig-off font-feature-calt-off text-decoration-none text-strikethrough-none\" style=\"font-weight: 700;font-style: normal\">Quoi de plus ?<\/span><\/h4> \n\t\t\t\t\t\t\t<\/div>\n\n\t\t\t\t\t\t\t<div class=\"title-after_title set-cont-mb-s reset-last-child wd-fontsize-xs\">\n\t\t\t\t\t<p><span class=\"OYPEnA font-feature-liga-off font-feature-clig-off font-feature-calt-off text-decoration-none text-strikethrough-none\" style=\"font-weight: 400;font-style: normal\">Nous allons au-del\u00e0 de vos attentes avec :<\/span><\/p><p><span class=\"OYPEnA font-feature-liga-off font-feature-clig-off font-feature-calt-off text-decoration-none text-strikethrough-none\" style=\"font-weight: bold;font-style: normal\">Emballage soign\u00e9 avec cadeaux surprises :<\/span><span class=\"OYPEnA font-feature-liga-off font-feature-clig-off font-feature-calt-off text-decoration-none text-strikethrough-none\" style=\"font-weight: 400;font-style: normal\"> Chaque commande est soigneusement emball\u00e9e et peut inclure des petites surprises pour rendre l\u2019exp\u00e9rience encore plus sp\u00e9ciale.<\/span><\/p><p><span class=\"OYPEnA font-feature-liga-off font-feature-clig-off font-feature-calt-off text-decoration-none text-strikethrough-none\" style=\"font-weight: bold;font-style: normal\">Livraison rapide : <\/span><span class=\"OYPEnA font-feature-liga-off font-feature-clig-off font-feature-calt-off text-decoration-none text-strikethrough-none\" style=\"font-weight: 400;font-style: normal\">Nous nous engageons \u00e0 livrer vos commandes rapidement pour vous garantir satisfaction et tranquillit\u00e9 d\u2019esprit.<\/span><\/p><p><span class=\"OYPEnA font-feature-liga-off font-feature-clig-off font-feature-calt-off text-decoration-none text-strikethrough-none\" style=\"font-weight: bold;font-style: normal\">Assistance apr\u00e8s-vente disponible :<\/span><span class=\"OYPEnA font-feature-liga-off font-feature-clig-off font-feature-calt-off text-decoration-none text-strikethrough-none\" style=\"font-weight: 400;font-style: normal\"> Nous sommes l\u00e0 pour vous accompagner m\u00eame apr\u00e8s votre achat, pour r\u00e9pondre \u00e0 toutes vos questions et assurer votre satisfaction.<\/span><\/p><p><span class=\"OYPEnA font-feature-liga-off font-feature-clig-off font-feature-calt-off text-decoration-none text-strikethrough-none\" style=\"font-style: normal\"><b>Obtenez d\u00e8s aujourd'hui l'une de nos robes de pr<\/b><\/span><span class=\"OYPEnA font-feature-liga-off font-feature-clig-off font-feature-calt-off text-decoration-none text-strikethrough-none\" style=\"font-style: normal\"><b>i\u00e8re pour vous et vos proches ! Que ce soit pour un usage quotidien, un cadeau sp\u00e9cial, ou un compagnon de voyage, nos robes sont con\u00e7ues pour accompagner chaque moment de solitude avec Allah, dans l'\u00e9l\u00e9gance et le confort.<\/b><\/span><\/p>\t\t\t\t<\/div>\n\t\t\t\t\t<\/div>\n\t\t\t\t\t\t<\/div>\n\t\t\t\t<\/div>\n\t\t\t\t<div class=\"elementor-element elementor-element-74ce3a3 elementor-widget elementor-widget-wd_image_or_svg\" data-id=\"74ce3a3\" data-element_type=\"widget\" data-e-type=\"widget\" data-widget_type=\"wd_image_or_svg.default\">\n\t\t\t\t<div class=\"elementor-widget-container\">\n\t\t\t\t\t\n\t\t<div class=\"wd-image text-left\">\n\t\t\t\t\t\t\t<a  href=\"https:\/\/anggunboutique.com\/\">\n\t\t\t\t\t\t\t\t<img decoding=\"async\" width=\"800\" height=\"800\" src=\"https:\/\/anggunboutique.com\/wp-content\/uploads\/2024\/11\/photos-anggun-website-800x800.png\" class=\"attachment-large size-large\" alt=\"\" srcset=\"https:\/\/anggunboutique.com\/wp-content\/uploads\/2024\/11\/photos-anggun-website-800x800.png 800w, https:\/\/anggunboutique.com\/wp-content\/uploads\/2024\/11\/photos-anggun-website-300x300.png 300w, https:\/\/anggunboutique.com\/wp-content\/uploads\/2024\/11\/photos-anggun-website-150x150.png 150w, https:\/\/anggunboutique.com\/wp-content\/uploads\/2024\/11\/photos-anggun-website-768x768.png 768w, https:\/\/anggunboutique.com\/wp-content\/uploads\/2024\/11\/photos-anggun-website-860x860.png 860w, https:\/\/anggunboutique.com\/wp-content\/uploads\/2024\/11\/photos-anggun-website-430x430.png 430w, https:\/\/anggunboutique.com\/wp-content\/uploads\/2024\/11\/photos-anggun-website-700x700.png 700w, https:\/\/anggunboutique.com\/wp-content\/uploads\/2024\/11\/photos-anggun-website.png 1080w\" sizes=\"(max-width: 800px) 100vw, 800px\" \/>\t\t\t\t\t\t\t<\/a>\n\t\t\t\t\t<\/div>\n\n\t\t\t\t\t\t<\/div>\n\t\t\t\t<\/div>\n\t\t\t\t<div class=\"elementor-element elementor-element-e8f890b elementor-widget elementor-widget-wd_image_or_svg\" data-id=\"e8f890b\" data-element_type=\"widget\" data-e-type=\"widget\" data-widget_type=\"wd_image_or_svg.default\">\n\t\t\t\t<div class=\"elementor-widget-container\">\n\t\t\t\t\t\n\t\t<div class=\"wd-image text-left\">\n\t\t\t\t\t\t\t\t<img loading=\"lazy\" decoding=\"async\" width=\"250\" height=\"150\" src=\"https:\/\/anggunboutique.com\/wp-content\/uploads\/2024\/11\/Revised-logo-250x150.png\" class=\"attachment-250x150 size-250x150\" alt=\"\" srcset=\"https:\/\/anggunboutique.com\/wp-content\/uploads\/2024\/11\/Revised-logo-250x150.png 250w, https:\/\/anggunboutique.com\/wp-content\/uploads\/2024\/11\/Revised-logo-400x240.png 400w, https:\/\/anggunboutique.com\/wp-content\/uploads\/2024\/11\/Revised-logo-150x90.png 150w, https:\/\/anggunboutique.com\/wp-content\/uploads\/2024\/11\/Revised-logo.png 500w\" sizes=\"(max-width: 250px) 100vw, 250px\" \/>\t\t\t\t\t<\/div>\n\n\t\t\t\t\t\t<\/div>\n\t\t\t\t<\/div>\n\t\t\t\t\t<\/div>\n\t\t\t\t<\/div>\n\t\t\t\t<\/div>\n\t\t","protected":false},"excerpt":{"rendered":"<p>Quel est notre objectif ? Nous sommes sp\u00e9cialis\u00e9s dans les robes de pri\u00e8re de haute qualit\u00e9, con\u00e7ues pour vous accompagner<\/p>\n","protected":false},"author":1,"featured_media":0,"parent":0,"menu_order":0,"comment_status":"closed","ping_status":"closed","template":"","meta":{"footnotes":""},"class_list":["post-16619","page","type-page","status-publish","hentry"],"_links":{"self":[{"href":"https:\/\/anggunboutique.com\/index.php?rest_route=\/wp\/v2\/pages\/16619","targetHints":{"allow":["GET"]}}],"collection":[{"href":"https:\/\/anggunboutique.com\/index.php?rest_route=\/wp\/v2\/pages"}],"about":[{"href":"https:\/\/anggunboutique.com\/index.php?rest_route=\/wp\/v2\/types\/page"}],"author":[{"embeddable":true,"href":"https:\/\/anggunboutique.com\/index.php?rest_route=\/wp\/v2\/users\/1"}],"replies":[{"embeddable":true,"href":"https:\/\/anggunboutique.com\/index.php?rest_route=%2Fwp%2Fv2%2Fcomments&post=16619"}],"version-history":[{"count":8,"href":"https:\/\/anggunboutique.com\/index.php?rest_route=\/wp\/v2\/pages\/16619\/revisions"}],"predecessor-version":[{"id":16636,"href":"https:\/\/anggunboutique.com\/index.php?rest_route=\/wp\/v2\/pages\/16619\/revisions\/16636"}],"wp:attachment":[{"href":"https:\/\/anggunboutique.com\/index.php?rest_route=%2Fwp%2Fv2%2Fmedia&parent=16619"}],"curies":[{"name":"wp","href":"https:\/\/api.w.org\/{rel}","templated":true}]}}