{"id":16839,"date":"2025-02-12T13:50:50","date_gmt":"2025-02-12T12:50:50","guid":{"rendered":"https:\/\/anggunboutique.com\/?post_type=product&#038;p=16839"},"modified":"2026-03-13T09:20:27","modified_gmt":"2026-03-13T08:20:27","slug":"asiya-emerald-robe-de-priere","status":"publish","type":"product","link":"https:\/\/anggunboutique.com\/?product=asiya-emerald-robe-de-priere","title":{"rendered":"Anggun Ibadah Asiya Emerald Robe De Pri\u00e8re Vacances"},"content":{"rendered":"<p>La gamme Anggun Ibadah est une robe de pri\u00e8re une pi\u00e8ce fabriqu\u00e9e en soie de M\u00e9dine. Sa texture douce et soyeuse offre une exp\u00e9rience agr\u00e9able \u00e0 celle qui la porte. Con\u00e7ue avec fonctionnalit\u00e9 \u00e0 l\u2019esprit, elle assure confort et confiance lors de la pri\u00e8re ou pendant l\u2019Omra et le Hajj. Cette robe est exceptionnelle, car elle poss\u00e8de des caract\u00e9ristiques\u00a0uniques.<\/p>\n<ul>\n<li><span class=\"OYPEnA font-feature-liga-off font-feature-clig-off font-feature-calt-off text-decoration-none text-strikethrough-none\">Visage bien ajust\u00e9, s&rsquo;adapte \u00e0 tous. Lycra anti-glisse. Une bande attach\u00e9 au doight pour s\u00e9curiser la section du poignet<\/span><\/li>\n<li><span class=\"OYPEnA font-feature-liga-off font-feature-clig-off font-feature-calt-off text-decoration-none text-strikethrough-none\">Attache t\u00eate parfaite, reste bien en place.<\/span><\/li>\n<li><span class=\"OYPEnA font-feature-liga-off font-feature-clig-off font-feature-calt-off text-decoration-none text-strikethrough-none\">Poche pratique pour garder l\u2019essentiel.<\/span><\/li>\n<li><span class=\"OYPEnA font-feature-liga-off font-feature-clig-off font-feature-calt-off text-decoration-none text-strikethrough-none\">Inclus un sac de rangement minimaliste gratuit.<\/span><\/li>\n<li><span class=\"OYPEnA font-feature-liga-off font-feature-clig-off font-feature-calt-off text-decoration-none text-strikethrough-none\">Mati\u00e8re de qualit\u00e9, douce et confortable.<\/span><\/li>\n<li>La longueur est facilement ajustable en fonction de votre taille.<\/li>\n<\/ul>\n<p><img fetchpriority=\"high\" decoding=\"async\" class=\"alignnone size-medium wp-image-16807\" src=\"https:\/\/anggunboutique.com\/wp-content\/uploads\/2025\/02\/benefitAI-240x300.png\" alt=\"\" width=\"240\" height=\"300\" srcset=\"https:\/\/anggunboutique.com\/wp-content\/uploads\/2025\/02\/benefitAI-240x300.png 240w, https:\/\/anggunboutique.com\/wp-content\/uploads\/2025\/02\/benefitAI-640x800.png 640w, https:\/\/anggunboutique.com\/wp-content\/uploads\/2025\/02\/benefitAI-768x960.png 768w, https:\/\/anggunboutique.com\/wp-content\/uploads\/2025\/02\/benefitAI-700x875.png 700w, https:\/\/anggunboutique.com\/wp-content\/uploads\/2025\/02\/benefitAI-150x188.png 150w, https:\/\/anggunboutique.com\/wp-content\/uploads\/2025\/02\/benefitAI.png 1080w\" sizes=\"(max-width: 240px) 100vw, 240px\" \/><\/p>\n","protected":false},"excerpt":{"rendered":"<p class=\"cvGsUA direction-ltr align-center para-style-body\">La gamme Anggun Ibadah est une robe de pri\u00e8re une pi\u00e8ce fabriqu\u00e9e en soie de M\u00e9dine. Sa texture douce et soyeuse offre une exp\u00e9rience agr\u00e9able \u00e0 celle qui la porte. Con\u00e7ue avec fonctionnalit\u00e9 \u00e0 l\u2019esprit, elle assure confort et confiance lors de la pri\u00e8re ou pendant l\u2019Omra et le Hajj. Cette robe est exceptionnelle, car elle poss\u00e8de des caract\u00e9ristiques\u00a0uniques.<\/p>\n","protected":false},"featured_media":16851,"comment_status":"open","ping_status":"closed","template":"","meta":[],"product_brand":[],"product_cat":[113,135,76],"product_tag":[101,100,99,103,102],"class_list":{"0":"post-16839","1":"product","2":"type-product","3":"status-publish","4":"has-post-thumbnail","6":"product_cat-anggun-collection","7":"product_cat-anggun-ibadah-collection","8":"product_cat-robe-de-la-priere","9":"product_tag-musulmane","10":"product_tag-priere","11":"product_tag-robe-de-priere","12":"product_tag-robe-de-priere-portable","13":"product_tag-vacances","15":"first","16":"instock","17":"sale","18":"shipping-taxable","19":"purchasable","20":"product-type-simple"},"_links":{"self":[{"href":"https:\/\/anggunboutique.com\/index.php?rest_route=\/wp\/v2\/product\/16839","targetHints":{"allow":["GET"]}}],"collection":[{"href":"https:\/\/anggunboutique.com\/index.php?rest_route=\/wp\/v2\/product"}],"about":[{"href":"https:\/\/anggunboutique.com\/index.php?rest_route=\/wp\/v2\/types\/product"}],"replies":[{"embeddable":true,"href":"https:\/\/anggunboutique.com\/index.php?rest_route=%2Fwp%2Fv2%2Fcomments&post=16839"}],"version-history":[{"count":4,"href":"https:\/\/anggunboutique.com\/index.php?rest_route=\/wp\/v2\/product\/16839\/revisions"}],"predecessor-version":[{"id":17327,"href":"https:\/\/anggunboutique.com\/index.php?rest_route=\/wp\/v2\/product\/16839\/revisions\/17327"}],"wp:featuredmedia":[{"embeddable":true,"href":"https:\/\/anggunboutique.com\/index.php?rest_route=\/wp\/v2\/media\/16851"}],"wp:attachment":[{"href":"https:\/\/anggunboutique.com\/index.php?rest_route=%2Fwp%2Fv2%2Fmedia&parent=16839"}],"wp:term":[{"taxonomy":"product_brand","embeddable":true,"href":"https:\/\/anggunboutique.com\/index.php?rest_route=%2Fwp%2Fv2%2Fproduct_brand&post=16839"},{"taxonomy":"product_cat","embeddable":true,"href":"https:\/\/anggunboutique.com\/index.php?rest_route=%2Fwp%2Fv2%2Fproduct_cat&post=16839"},{"taxonomy":"product_tag","embeddable":true,"href":"https:\/\/anggunboutique.com\/index.php?rest_route=%2Fwp%2Fv2%2Fproduct_tag&post=16839"}],"curies":[{"name":"wp","href":"https:\/\/api.w.org\/{rel}","templated":true}]}}