{"id":17010,"date":"2025-06-25T08:56:56","date_gmt":"2025-06-25T06:56:56","guid":{"rendered":"https:\/\/anggunboutique.com\/?post_type=product&#038;p=17010"},"modified":"2026-02-04T09:12:36","modified_gmt":"2026-02-04T08:12:36","slug":"miraya-sakura-rose-robe-de-priere","status":"publish","type":"product","link":"https:\/\/anggunboutique.com\/?product=miraya-sakura-rose-robe-de-priere","title":{"rendered":"Miraya Sakura Rose Robe de Priere Luxe"},"content":{"rendered":"<p><span class=\"OYPEnA font-feature-liga-off font-feature-clig-off font-feature-calt-off text-decoration-none text-strikethrough-none\">Cet ensemble de pri\u00e8re est accompagn\u00e9 d\u2019une pochette assortie. Fabriqu\u00e9 en satin de soie de haute qualit\u00e9, sa texture douce et soyeuse offre \u00e0 la personne qui le porte une sensation de calme absolu. L\u00e9ger, il est id\u00e9al pour les voyages.<\/span><\/p>\n<p>Longueur du haut : 115 cm<br \/>\nLongueur du bas : 115 cm<br \/>\nLargeur du bas : 70 cm<br \/>\nTour de taille extensible jusqu&rsquo;\u00e0 140 cm<br \/>\nCirconf\u00e9rence du visage : 48 &#8211; 54 cm<br \/>\nMati\u00e8re : Satin de soie<br \/>\nDimensions de la pochette : 23&#215;20 cm<\/p>\n","protected":false},"excerpt":{"rendered":"<p><span class=\"OYPEnA font-feature-liga-off font-feature-clig-off font-feature-calt-off text-decoration-none text-strikethrough-none\">Cet ensemble de pri\u00e8re est accompagn\u00e9 d\u2019une pochette assortie. Fabriqu\u00e9 en satin de soie de haute qualit\u00e9, sa texture douce et soyeuse offre \u00e0 la personne qui le porte une sensation de calme absolu. L\u00e9ger, il est id\u00e9al pour les voyages.<\/span><\/p>\n","protected":false},"featured_media":17017,"comment_status":"open","ping_status":"closed","template":"","meta":[],"product_brand":[],"product_cat":[117,114,76],"product_tag":[101,100,99,103,102],"class_list":{"0":"post-17010","1":"product","2":"type-product","3":"status-publish","4":"has-post-thumbnail","6":"product_cat-miraya-collection","7":"product_cat-nusantara-collection","8":"product_cat-robe-de-la-priere","9":"product_tag-musulmane","10":"product_tag-priere","11":"product_tag-robe-de-priere","12":"product_tag-robe-de-priere-portable","13":"product_tag-vacances","15":"first","16":"instock","17":"shipping-taxable","18":"purchasable","19":"product-type-simple"},"_links":{"self":[{"href":"https:\/\/anggunboutique.com\/index.php?rest_route=\/wp\/v2\/product\/17010","targetHints":{"allow":["GET"]}}],"collection":[{"href":"https:\/\/anggunboutique.com\/index.php?rest_route=\/wp\/v2\/product"}],"about":[{"href":"https:\/\/anggunboutique.com\/index.php?rest_route=\/wp\/v2\/types\/product"}],"replies":[{"embeddable":true,"href":"https:\/\/anggunboutique.com\/index.php?rest_route=%2Fwp%2Fv2%2Fcomments&post=17010"}],"version-history":[{"count":4,"href":"https:\/\/anggunboutique.com\/index.php?rest_route=\/wp\/v2\/product\/17010\/revisions"}],"predecessor-version":[{"id":17333,"href":"https:\/\/anggunboutique.com\/index.php?rest_route=\/wp\/v2\/product\/17010\/revisions\/17333"}],"wp:featuredmedia":[{"embeddable":true,"href":"https:\/\/anggunboutique.com\/index.php?rest_route=\/wp\/v2\/media\/17017"}],"wp:attachment":[{"href":"https:\/\/anggunboutique.com\/index.php?rest_route=%2Fwp%2Fv2%2Fmedia&parent=17010"}],"wp:term":[{"taxonomy":"product_brand","embeddable":true,"href":"https:\/\/anggunboutique.com\/index.php?rest_route=%2Fwp%2Fv2%2Fproduct_brand&post=17010"},{"taxonomy":"product_cat","embeddable":true,"href":"https:\/\/anggunboutique.com\/index.php?rest_route=%2Fwp%2Fv2%2Fproduct_cat&post=17010"},{"taxonomy":"product_tag","embeddable":true,"href":"https:\/\/anggunboutique.com\/index.php?rest_route=%2Fwp%2Fv2%2Fproduct_tag&post=17010"}],"curies":[{"name":"wp","href":"https:\/\/api.w.org\/{rel}","templated":true}]}}