{"id":17765,"date":"2026-02-02T22:43:28","date_gmt":"2026-02-02T21:43:28","guid":{"rendered":"https:\/\/anggunboutique.com\/?post_type=product&#038;p=17765"},"modified":"2026-03-03T07:27:56","modified_gmt":"2026-03-03T06:27:56","slug":"anggun-mini-amina-olive-robe-de-priere-compacte-voyage","status":"publish","type":"product","link":"https:\/\/anggunboutique.com\/?product=anggun-mini-amina-olive-robe-de-priere-compacte-voyage","title":{"rendered":"Anggun Mini Amina Olive Robe de Pri\u00e8re Compacte Voyage"},"content":{"rendered":"<h3 data-start=\"105\" data-end=\"139\">2 en 1 Premium Uni Mini Voyage<\/h3>\n<p data-start=\"141\" data-end=\"152\"><strong data-start=\"141\" data-end=\"152\">D\u00e9tails<\/strong><\/p>\n<ul data-start=\"154\" data-end=\"293\">\n<li data-start=\"154\" data-end=\"188\">\n<p data-start=\"156\" data-end=\"188\">2 en 1 Premium Uni Mini Voyage<\/p>\n<\/li>\n<li data-start=\"189\" data-end=\"203\">\n<p data-start=\"191\" data-end=\"203\">Mod\u00e8le uni<\/p>\n<\/li>\n<li data-start=\"204\" data-end=\"255\">\n<p data-start=\"206\" data-end=\"255\">\u00c9quip\u00e9 d\u2019un mini tapis de pri\u00e8re pour le visage<\/p>\n<\/li>\n<li data-start=\"256\" data-end=\"275\">\n<p data-start=\"258\" data-end=\"275\">Taille : Unique<\/p>\n<\/li>\n<li data-start=\"276\" data-end=\"293\">\n<p data-start=\"278\" data-end=\"293\">Poids : 250 g<\/p>\n<\/li>\n<\/ul>\n<p data-start=\"295\" data-end=\"304\"><strong data-start=\"295\" data-end=\"304\">Usage<\/strong><\/p>\n<p data-start=\"306\" data-end=\"331\">Deux fa\u00e7ons de porter :<\/p>\n<ul data-start=\"332\" data-end=\"470\">\n<li data-start=\"332\" data-end=\"371\">\n<p data-start=\"334\" data-end=\"371\">Fermeture \u00e9clair compl\u00e8te avec cape<\/p>\n<\/li>\n<li data-start=\"372\" data-end=\"410\">\n<p data-start=\"374\" data-end=\"410\">Sans cape si d\u00e9j\u00e0 port\u00e9 avec hijab<\/p>\n<\/li>\n<li data-start=\"412\" data-end=\"470\">\n<p data-start=\"414\" data-end=\"470\">Cordon d\u2019attache pour maintenir le hijab bien en place<\/p>\n<\/li>\n<\/ul>\n<p data-start=\"472\" data-end=\"504\"><strong data-start=\"472\" data-end=\"504\">Informations compl\u00e9mentaires<\/strong><\/p>\n<ul data-start=\"506\" data-end=\"880\">\n<li data-start=\"506\" data-end=\"598\">\n<p data-start=\"508\" data-end=\"598\">L\u2019image du mannequin est uniquement utilis\u00e9e pour illustrer la fonctionnalit\u00e9 de la robe<\/p>\n<\/li>\n<li data-start=\"599\" data-end=\"631\">\n<p data-start=\"601\" data-end=\"631\">Tol\u00e9rance de taille : 2\u20133 cm<\/p>\n<\/li>\n<li data-start=\"632\" data-end=\"811\">\n<p data-start=\"634\" data-end=\"811\">Tol\u00e9rance de couleur et de luminosit\u00e9 sur les photos des variantes, en raison de la composition des couleurs et de la lumi\u00e8re lors de la prise de vue et du processus d\u2019\u00e9dition<\/p>\n<\/li>\n<li data-start=\"812\" data-end=\"880\">\n<p data-start=\"814\" data-end=\"880\">Les photos sont r\u00e9elles et constituent une propri\u00e9t\u00e9 personnelle<\/p>\n<\/li>\n<\/ul>\n","protected":false},"excerpt":{"rendered":"<p data-start=\"128\" data-end=\"378\">L\u00e9g\u00e8re et respirante, cette robe au design uni se plie dans un sac ultra-compact, assez petit pour tenir dans un sac \u00e0 main. Id\u00e9ale pour voyager ou se d\u00e9placer, elle vous accompagne partout avec praticit\u00e9 et \u00e9l\u00e9gance.<\/p>\n<p data-start=\"380\" data-end=\"471\">Les Mini Series offrent tout le n\u00e9cessaire pour prier, mais dans un format mini et compact.<\/p>\n","protected":false},"featured_media":17749,"comment_status":"open","ping_status":"closed","template":"","meta":[],"product_brand":[],"product_cat":[120,76],"product_tag":[132,101,100,99,103,129,102,131,130],"class_list":{"0":"post-17765","1":"product","2":"type-product","3":"status-publish","4":"has-post-thumbnail","6":"product_cat-les-minis","7":"product_cat-robe-de-la-priere","8":"product_tag-baggage","9":"product_tag-musulmane","10":"product_tag-priere","11":"product_tag-robe-de-priere","12":"product_tag-robe-de-priere-portable","13":"product_tag-travel","14":"product_tag-vacances","15":"product_tag-valise","16":"product_tag-voyage","18":"first","19":"outofstock","20":"shipping-taxable","21":"purchasable","22":"product-type-simple"},"_links":{"self":[{"href":"https:\/\/anggunboutique.com\/index.php?rest_route=\/wp\/v2\/product\/17765","targetHints":{"allow":["GET"]}}],"collection":[{"href":"https:\/\/anggunboutique.com\/index.php?rest_route=\/wp\/v2\/product"}],"about":[{"href":"https:\/\/anggunboutique.com\/index.php?rest_route=\/wp\/v2\/types\/product"}],"replies":[{"embeddable":true,"href":"https:\/\/anggunboutique.com\/index.php?rest_route=%2Fwp%2Fv2%2Fcomments&post=17765"}],"version-history":[{"count":2,"href":"https:\/\/anggunboutique.com\/index.php?rest_route=\/wp\/v2\/product\/17765\/revisions"}],"predecessor-version":[{"id":17771,"href":"https:\/\/anggunboutique.com\/index.php?rest_route=\/wp\/v2\/product\/17765\/revisions\/17771"}],"wp:featuredmedia":[{"embeddable":true,"href":"https:\/\/anggunboutique.com\/index.php?rest_route=\/wp\/v2\/media\/17749"}],"wp:attachment":[{"href":"https:\/\/anggunboutique.com\/index.php?rest_route=%2Fwp%2Fv2%2Fmedia&parent=17765"}],"wp:term":[{"taxonomy":"product_brand","embeddable":true,"href":"https:\/\/anggunboutique.com\/index.php?rest_route=%2Fwp%2Fv2%2Fproduct_brand&post=17765"},{"taxonomy":"product_cat","embeddable":true,"href":"https:\/\/anggunboutique.com\/index.php?rest_route=%2Fwp%2Fv2%2Fproduct_cat&post=17765"},{"taxonomy":"product_tag","embeddable":true,"href":"https:\/\/anggunboutique.com\/index.php?rest_route=%2Fwp%2Fv2%2Fproduct_tag&post=17765"}],"curies":[{"name":"wp","href":"https:\/\/api.w.org\/{rel}","templated":true}]}}