{"id":17783,"date":"2026-02-02T22:43:27","date_gmt":"2026-02-02T21:43:27","guid":{"rendered":"https:\/\/anggunboutique.com\/?post_type=product&#038;p=17783"},"modified":"2026-02-02T22:43:27","modified_gmt":"2026-02-02T21:43:27","slug":"anggun-mini-safiya-lin-robe-de-priere-compacte-voyage","status":"publish","type":"product","link":"https:\/\/anggunboutique.com\/?product=anggun-mini-safiya-lin-robe-de-priere-compacte-voyage","title":{"rendered":"Anggun Mini Safiya Lin Robe de Pri\u00e8re Compacte Voyage"},"content":{"rendered":"<h3 data-start=\"153\" data-end=\"189\">2 en 1 Premium Motif Mini Voyage<\/h3>\n<p data-start=\"191\" data-end=\"217\"><strong data-start=\"191\" data-end=\"215\">D\u00e9tails du produit :<\/strong><\/p>\n<ul data-start=\"218\" data-end=\"331\">\n<li data-start=\"218\" data-end=\"248\">\n<p data-start=\"220\" data-end=\"248\">Mod\u00e8le \u00e0 imprim\u00e9 graphique<\/p>\n<\/li>\n<li data-start=\"249\" data-end=\"293\">\n<p data-start=\"251\" data-end=\"293\">\u00c9quip\u00e9 d\u2019un mini tapis de pri\u00e8re int\u00e9gr\u00e9<\/p>\n<\/li>\n<li data-start=\"294\" data-end=\"313\">\n<p data-start=\"296\" data-end=\"313\">Taille : Unique<\/p>\n<\/li>\n<li data-start=\"314\" data-end=\"331\">\n<p data-start=\"316\" data-end=\"331\">Poids : 250 g<\/p>\n<\/li>\n<\/ul>\n<p data-start=\"333\" data-end=\"403\"><strong data-start=\"333\" data-end=\"356\">Comment le porter :<\/strong><br data-start=\"356\" data-end=\"359\" \/>Cette robe peut se porter de deux fa\u00e7ons :<\/p>\n<ul data-start=\"404\" data-end=\"491\">\n<li data-start=\"404\" data-end=\"452\">\n<p data-start=\"406\" data-end=\"452\">Avec la cape et la fermeture \u00e9clair compl\u00e8te<\/p>\n<\/li>\n<li data-start=\"453\" data-end=\"491\">\n<p data-start=\"455\" data-end=\"491\">Sans cape, si port\u00e9e avec un hijab<\/p>\n<\/li>\n<\/ul>\n<p data-start=\"493\" data-end=\"564\">Un cordon d\u2019attache est inclus pour maintenir le hijab bien en place.<\/p>\n<p data-start=\"566\" data-end=\"602\"><strong data-start=\"566\" data-end=\"600\">Informations compl\u00e9mentaires :<\/strong><\/p>\n<ul data-start=\"603\" data-end=\"937\">\n<li data-start=\"603\" data-end=\"694\">\n<p data-start=\"605\" data-end=\"694\">L\u2019image du mannequin est utilis\u00e9e uniquement pour montrer la fonctionnalit\u00e9 de la robe.<\/p>\n<\/li>\n<li data-start=\"695\" data-end=\"729\">\n<p data-start=\"697\" data-end=\"729\">Tol\u00e9rance de taille : \u00b1 2\u20133 cm<\/p>\n<\/li>\n<li data-start=\"730\" data-end=\"937\">\n<p data-start=\"732\" data-end=\"937\">De l\u00e9g\u00e8res variations de couleur ou de luminosit\u00e9 peuvent appara\u00eetre sur les photos en raison de l\u2019\u00e9clairage et du traitement des images. Les photos sont r\u00e9elles et constituent une propri\u00e9t\u00e9 personnelle.<\/p>\n<\/li>\n<\/ul>\n","protected":false},"excerpt":{"rendered":"<p data-start=\"87\" data-end=\"340\">Robe de pri\u00e8re mini format \u2013 L\u00e9g\u00e8re et respirante, cette robe aux motifs floraux se plie dans un sac ultra-compact, assez petit pour tenir dans un sac \u00e0 main. Id\u00e9ale pour voyager ou se d\u00e9placer, elle vous accompagne partout avec praticit\u00e9 et \u00e9l\u00e9gance.<\/p>\n<p data-start=\"342\" data-end=\"435\">Les Mini Series offrent tout le n\u00e9cessaire pour prier, mais dans un format mini et compact.<\/p>\n","protected":false},"featured_media":17737,"comment_status":"open","ping_status":"closed","template":"","meta":[],"product_brand":[],"product_cat":[120,76],"product_tag":[132,101,100,99,103,129,102,131,130],"class_list":{"0":"post-17783","1":"product","2":"type-product","3":"status-publish","4":"has-post-thumbnail","6":"product_cat-les-minis","7":"product_cat-robe-de-la-priere","8":"product_tag-baggage","9":"product_tag-musulmane","10":"product_tag-priere","11":"product_tag-robe-de-priere","12":"product_tag-robe-de-priere-portable","13":"product_tag-travel","14":"product_tag-vacances","15":"product_tag-valise","16":"product_tag-voyage","18":"first","19":"instock","20":"shipping-taxable","21":"purchasable","22":"product-type-simple"},"_links":{"self":[{"href":"https:\/\/anggunboutique.com\/index.php?rest_route=\/wp\/v2\/product\/17783","targetHints":{"allow":["GET"]}}],"collection":[{"href":"https:\/\/anggunboutique.com\/index.php?rest_route=\/wp\/v2\/product"}],"about":[{"href":"https:\/\/anggunboutique.com\/index.php?rest_route=\/wp\/v2\/types\/product"}],"replies":[{"embeddable":true,"href":"https:\/\/anggunboutique.com\/index.php?rest_route=%2Fwp%2Fv2%2Fcomments&post=17783"}],"version-history":[{"count":1,"href":"https:\/\/anggunboutique.com\/index.php?rest_route=\/wp\/v2\/product\/17783\/revisions"}],"predecessor-version":[{"id":17784,"href":"https:\/\/anggunboutique.com\/index.php?rest_route=\/wp\/v2\/product\/17783\/revisions\/17784"}],"wp:featuredmedia":[{"embeddable":true,"href":"https:\/\/anggunboutique.com\/index.php?rest_route=\/wp\/v2\/media\/17737"}],"wp:attachment":[{"href":"https:\/\/anggunboutique.com\/index.php?rest_route=%2Fwp%2Fv2%2Fmedia&parent=17783"}],"wp:term":[{"taxonomy":"product_brand","embeddable":true,"href":"https:\/\/anggunboutique.com\/index.php?rest_route=%2Fwp%2Fv2%2Fproduct_brand&post=17783"},{"taxonomy":"product_cat","embeddable":true,"href":"https:\/\/anggunboutique.com\/index.php?rest_route=%2Fwp%2Fv2%2Fproduct_cat&post=17783"},{"taxonomy":"product_tag","embeddable":true,"href":"https:\/\/anggunboutique.com\/index.php?rest_route=%2Fwp%2Fv2%2Fproduct_tag&post=17783"}],"curies":[{"name":"wp","href":"https:\/\/api.w.org\/{rel}","templated":true}]}}