{"id":17842,"date":"2026-02-04T23:53:25","date_gmt":"2026-02-04T22:53:25","guid":{"rendered":"https:\/\/anggunboutique.com\/?post_type=product&#038;p=17842"},"modified":"2026-02-04T23:53:25","modified_gmt":"2026-02-04T22:53:25","slug":"anggun-luxe-ayuna-blanc-robe-de-priere-voyage-satin","status":"publish","type":"product","link":"https:\/\/anggunboutique.com\/?product=anggun-luxe-ayuna-blanc-robe-de-priere-voyage-satin","title":{"rendered":"Anggun Luxe Ayuna Blanc Robe de Pri\u00e8re Voyage Satin"},"content":{"rendered":"<div class=\"flex flex-col text-sm pb-25\">\n<article class=\"text-token-text-primary w-full focus:outline-none [--shadow-height:45px] has-data-writing-block:pointer-events-none has-data-writing-block:-mt-(--shadow-height) has-data-writing-block:pt-(--shadow-height) [&amp;:has([data-writing-block])&gt;*]:pointer-events-auto scroll-mt-[calc(var(--header-height)+min(200px,max(70px,20svh)))]\" dir=\"auto\" tabindex=\"-1\" data-turn-id=\"a051799b-e4c5-437b-8aad-87122d6021a9\" data-testid=\"conversation-turn-48\" data-scroll-anchor=\"true\" data-turn=\"assistant\">\n<div class=\"text-base my-auto mx-auto pb-10 [--thread-content-margin:--spacing(4)] @w-sm\/main:[--thread-content-margin:--spacing(6)] @w-lg\/main:[--thread-content-margin:--spacing(16)] px-(--thread-content-margin)\">\n<div class=\"[--thread-content-max-width:40rem] @w-lg\/main:[--thread-content-max-width:48rem] mx-auto max-w-(--thread-content-max-width) flex-1 group\/turn-messages focus-visible:outline-hidden relative flex w-full min-w-0 flex-col agent-turn\" tabindex=\"-1\">\n<div class=\"flex max-w-full flex-col grow\">\n<div class=\"min-h-8 text-message relative flex w-full flex-col items-end gap-2 text-start break-words whitespace-normal [.text-message+&amp;]:mt-1\" dir=\"auto\" data-message-author-role=\"assistant\" data-message-id=\"91b7c159-953e-47f3-bf79-f28f0d38a157\" data-message-model-slug=\"gpt-5-mini\">\n<div class=\"flex w-full flex-col gap-1 empty:hidden first:pt-[1px]\">\n<div class=\"markdown prose dark:prose-invert w-full wrap-break-word light markdown-new-styling\">\n<p data-start=\"124\" data-end=\"169\"><strong data-start=\"124\" data-end=\"137\">Mati\u00e8re :<\/strong> Satin fluide<\/p>\n<p data-start=\"171\" data-end=\"253\"><strong data-start=\"171\" data-end=\"183\">Taille :<\/strong> Taille unique, con\u00e7ue pour s\u2019adapter aux tailles allant du 36 au 46<\/p>\n<p data-start=\"255\" data-end=\"354\"><strong data-start=\"255\" data-end=\"267\">Visage :<\/strong> Partie pour le visage en jersey souple, qui s\u2019adapte facilement \u00e0 la forme du visage<\/p>\n<p data-start=\"356\" data-end=\"383\"><strong data-start=\"356\" data-end=\"367\">Poids :<\/strong> Environ 500 g<\/p>\n<p data-start=\"385\" data-end=\"423\"><strong data-start=\"385\" data-end=\"394\">Sac :<\/strong> Livr\u00e9 avec son sac assorti<\/p>\n<p data-start=\"425\" data-end=\"469\" data-is-last-node=\"\" data-is-only-node=\"\"><strong data-start=\"425\" data-end=\"436\">Style :<\/strong> \u00c9l\u00e9gant, pratique et confortable<\/p>\n<\/div>\n<\/div>\n<\/div>\n<\/div>\n<div class=\"z-0 flex min-h-[46px] justify-start\"><\/div>\n<div class=\"mt-3 w-full empty:hidden\">\n<div class=\"text-center\"><\/div>\n<\/div>\n<\/div>\n<\/div>\n<\/article>\n<\/div>\n<div class=\"pointer-events-none h-px w-px absolute bottom-0\" aria-hidden=\"true\" data-edge=\"true\"><\/div>\n","protected":false},"excerpt":{"rendered":"<p>La collection Anggun Luxe Ayuna s\u00e9duit par son satin fluide, son confort absolu et son \u00e9l\u00e9gance naturelle. Douce au toucher et agr\u00e9able \u00e0 porter, chaque pi\u00e8ce est pens\u00e9e pour sublimer le quotidien comme les moments de pri\u00e8re , des moments avec Allah swt. Livr\u00e9e avec son sac assorti, cette collection est une \u00e9vidence \u00e0 adopter, parfaite pour l\u2019hiver comme pour l\u2019\u00e9t\u00e9<\/p>\n","protected":false},"featured_media":17805,"comment_status":"open","ping_status":"closed","template":"","meta":[],"product_brand":[],"product_cat":[113,136,114,76],"product_tag":[101,100,99,103,102],"class_list":{"0":"post-17842","1":"product","2":"type-product","3":"status-publish","4":"has-post-thumbnail","6":"product_cat-anggun-collection","7":"product_cat-anggun-luxe-collection","8":"product_cat-nusantara-collection","9":"product_cat-robe-de-la-priere","10":"product_tag-musulmane","11":"product_tag-priere","12":"product_tag-robe-de-priere","13":"product_tag-robe-de-priere-portable","14":"product_tag-vacances","16":"first","17":"instock","18":"shipping-taxable","19":"purchasable","20":"product-type-simple"},"_links":{"self":[{"href":"https:\/\/anggunboutique.com\/index.php?rest_route=\/wp\/v2\/product\/17842","targetHints":{"allow":["GET"]}}],"collection":[{"href":"https:\/\/anggunboutique.com\/index.php?rest_route=\/wp\/v2\/product"}],"about":[{"href":"https:\/\/anggunboutique.com\/index.php?rest_route=\/wp\/v2\/types\/product"}],"replies":[{"embeddable":true,"href":"https:\/\/anggunboutique.com\/index.php?rest_route=%2Fwp%2Fv2%2Fcomments&post=17842"}],"version-history":[{"count":1,"href":"https:\/\/anggunboutique.com\/index.php?rest_route=\/wp\/v2\/product\/17842\/revisions"}],"predecessor-version":[{"id":17843,"href":"https:\/\/anggunboutique.com\/index.php?rest_route=\/wp\/v2\/product\/17842\/revisions\/17843"}],"wp:featuredmedia":[{"embeddable":true,"href":"https:\/\/anggunboutique.com\/index.php?rest_route=\/wp\/v2\/media\/17805"}],"wp:attachment":[{"href":"https:\/\/anggunboutique.com\/index.php?rest_route=%2Fwp%2Fv2%2Fmedia&parent=17842"}],"wp:term":[{"taxonomy":"product_brand","embeddable":true,"href":"https:\/\/anggunboutique.com\/index.php?rest_route=%2Fwp%2Fv2%2Fproduct_brand&post=17842"},{"taxonomy":"product_cat","embeddable":true,"href":"https:\/\/anggunboutique.com\/index.php?rest_route=%2Fwp%2Fv2%2Fproduct_cat&post=17842"},{"taxonomy":"product_tag","embeddable":true,"href":"https:\/\/anggunboutique.com\/index.php?rest_route=%2Fwp%2Fv2%2Fproduct_tag&post=17842"}],"curies":[{"name":"wp","href":"https:\/\/api.w.org\/{rel}","templated":true}]}}