{"id":17870,"date":"2026-02-05T00:56:47","date_gmt":"2026-02-04T23:56:47","guid":{"rendered":"https:\/\/anggunboutique.com\/?post_type=product&#038;p=17870"},"modified":"2026-02-05T00:56:47","modified_gmt":"2026-02-04T23:56:47","slug":"miraya-aurora-blush-robe-de-priere-voyage-luxe","status":"publish","type":"product","link":"https:\/\/anggunboutique.com\/?product=miraya-aurora-blush-robe-de-priere-voyage-luxe","title":{"rendered":"Miraya Aurora Blush Robe de Pri\u00e8re Voyage Luxe"},"content":{"rendered":"<h3 data-start=\"135\" data-end=\"215\">Robe de pri\u00e8re femme musulmane \u2013 pour la maison, le voyage et les vacances<\/h3>\n<p data-start=\"217\" data-end=\"488\">D\u00e9couvrez notre <strong data-start=\"233\" data-end=\"251\">robe de pri\u00e8re<\/strong> en satin de soie premium, sp\u00e9cialement con\u00e7ue pour la <strong data-start=\"306\" data-end=\"325\">femme musulmane<\/strong> moderne. Douce, fluide et \u00e9l\u00e9gante, elle offre un confort incomparable pendant vos moments de <strong data-start=\"420\" data-end=\"430\">pri\u00e8re<\/strong>, que ce soit \u00e0 la maison, au travail ou en d\u00e9placement.<\/p>\n<p data-start=\"490\" data-end=\"763\">L\u00e9g\u00e8re et pratique, cette <strong data-start=\"516\" data-end=\"544\">robe de pri\u00e8re de voyage<\/strong> se plie facilement et se range dans sa <strong data-start=\"584\" data-end=\"605\">pochette assortie<\/strong>, parfaite pour vos <strong data-start=\"625\" data-end=\"637\">vacances<\/strong> ou vos trajets. Sa mati\u00e8re soyeuse garantit aisance et pudeur, tout en apportant une touche chic \u00e0 vos tenues spirituelles.<\/p>\n<p data-start=\"765\" data-end=\"1015\">Indispensable pour toute <strong data-start=\"790\" data-end=\"809\">femme musulmane<\/strong>, cette <strong data-start=\"817\" data-end=\"845\">robe de pri\u00e8re musulmane<\/strong> allie \u00e9l\u00e9gance, confort et praticit\u00e9. Parfaite pour vos <strong data-start=\"902\" data-end=\"913\">voyages<\/strong>, vos <strong data-start=\"919\" data-end=\"931\">vacances<\/strong> ou vos pri\u00e8res quotidiennes, elle vous accompagne partout avec s\u00e9r\u00e9nit\u00e9 et style.<\/p>\n<p data-start=\"709\" data-end=\"733\">Caract\u00e9ristiques du Robe de Pri\u00e8re:<\/p>\n<ul data-start=\"734\" data-end=\"1014\">\n<li data-start=\"734\" data-end=\"767\">\n<p data-start=\"736\" data-end=\"767\"><strong data-start=\"736\" data-end=\"756\">Longueur du haut<\/strong> : 115 cm<\/p>\n<\/li>\n<li data-start=\"768\" data-end=\"800\">\n<p data-start=\"770\" data-end=\"800\"><strong data-start=\"770\" data-end=\"789\">Longueur du bas<\/strong> : 115 cm<\/p>\n<\/li>\n<li data-start=\"801\" data-end=\"831\">\n<p data-start=\"803\" data-end=\"831\"><strong data-start=\"803\" data-end=\"821\">Largeur du bas<\/strong> : 70 cm<\/p>\n<\/li>\n<li data-start=\"832\" data-end=\"882\">\n<p data-start=\"834\" data-end=\"882\"><strong data-start=\"834\" data-end=\"852\">\u00a0Tour de taille<\/strong> : extensible jusqu\u2019\u00e0 140 cm<\/p>\n<\/li>\n<li data-start=\"883\" data-end=\"927\">\n<p data-start=\"885\" data-end=\"927\"><strong data-start=\"885\" data-end=\"912\">Circonf\u00e9rence du visage<\/strong> : 48 \u2013 54 cm<\/p>\n<\/li>\n<li data-start=\"928\" data-end=\"967\">\n<p data-start=\"930\" data-end=\"967\"><strong data-start=\"930\" data-end=\"941\">Mati\u00e8re<\/strong> : satin de soie premium<\/p>\n<\/li>\n<li data-start=\"968\" data-end=\"1014\">\n<p data-start=\"970\" data-end=\"1014\"><strong data-start=\"970\" data-end=\"999\">Dimensions de la pochette<\/strong> : 23 \u00d7 20 cm<\/p>\n<\/li>\n<\/ul>\n","protected":false},"excerpt":{"rendered":"<p data-start=\"255\" data-end=\"456\">D\u00e9couvrez cette robe de pri\u00e8re en satin de soie premium, livr\u00e9e avec une pochette assortie pratique. Douce et soyeuse, elle apporte confort et s\u00e9r\u00e9nit\u00e9 pendant vos pri\u00e8res, o\u00f9 que vous soyez.<\/p>\n<p data-start=\"458\" data-end=\"707\">L\u00e9g\u00e8re et portable, cette robe de pri\u00e8re de voyage vous accompagne facilement dans vos d\u00e9placements tout en gardant style et confort. Parfaite pour la maison, le bureau ou vos voyages, elle rend vos moments de pri\u00e8re encore plus agr\u00e9ables.<\/p>\n","protected":false},"featured_media":17851,"comment_status":"open","ping_status":"closed","template":"","meta":[],"product_brand":[],"product_cat":[117,114,76],"product_tag":[101,100,99,103,102],"class_list":{"0":"post-17870","1":"product","2":"type-product","3":"status-publish","4":"has-post-thumbnail","6":"product_cat-miraya-collection","7":"product_cat-nusantara-collection","8":"product_cat-robe-de-la-priere","9":"product_tag-musulmane","10":"product_tag-priere","11":"product_tag-robe-de-priere","12":"product_tag-robe-de-priere-portable","13":"product_tag-vacances","15":"first","16":"instock","17":"shipping-taxable","18":"purchasable","19":"product-type-simple"},"_links":{"self":[{"href":"https:\/\/anggunboutique.com\/index.php?rest_route=\/wp\/v2\/product\/17870","targetHints":{"allow":["GET"]}}],"collection":[{"href":"https:\/\/anggunboutique.com\/index.php?rest_route=\/wp\/v2\/product"}],"about":[{"href":"https:\/\/anggunboutique.com\/index.php?rest_route=\/wp\/v2\/types\/product"}],"replies":[{"embeddable":true,"href":"https:\/\/anggunboutique.com\/index.php?rest_route=%2Fwp%2Fv2%2Fcomments&post=17870"}],"version-history":[{"count":1,"href":"https:\/\/anggunboutique.com\/index.php?rest_route=\/wp\/v2\/product\/17870\/revisions"}],"predecessor-version":[{"id":17871,"href":"https:\/\/anggunboutique.com\/index.php?rest_route=\/wp\/v2\/product\/17870\/revisions\/17871"}],"wp:featuredmedia":[{"embeddable":true,"href":"https:\/\/anggunboutique.com\/index.php?rest_route=\/wp\/v2\/media\/17851"}],"wp:attachment":[{"href":"https:\/\/anggunboutique.com\/index.php?rest_route=%2Fwp%2Fv2%2Fmedia&parent=17870"}],"wp:term":[{"taxonomy":"product_brand","embeddable":true,"href":"https:\/\/anggunboutique.com\/index.php?rest_route=%2Fwp%2Fv2%2Fproduct_brand&post=17870"},{"taxonomy":"product_cat","embeddable":true,"href":"https:\/\/anggunboutique.com\/index.php?rest_route=%2Fwp%2Fv2%2Fproduct_cat&post=17870"},{"taxonomy":"product_tag","embeddable":true,"href":"https:\/\/anggunboutique.com\/index.php?rest_route=%2Fwp%2Fv2%2Fproduct_tag&post=17870"}],"curies":[{"name":"wp","href":"https:\/\/api.w.org\/{rel}","templated":true}]}}